{"id":30,"date":"2019-03-06T07:16:44","date_gmt":"2019-03-06T07:16:44","guid":{"rendered":"http:\/\/staging.pearlthemes.com\/medicalguide\/?page_id=30"},"modified":"2024-06-26T20:58:07","modified_gmt":"2024-06-26T20:58:07","slug":"home","status":"publish","type":"page","link":"https:\/\/biomedicgroup.com.mx\/en\/","title":{"rendered":"Inicio"},"content":{"rendered":"<div class=\"vc_row wpb_row vc_row-fluid vc_custom_1474014717811 vc_row-has-fill\"><div class=\"wpb_column vc_column_container vc_col-sm-12\"><div class=\"vc_column-inner\"><div class=\"wpb_wrapper\">\t<div class=\"container main-heading-container\">\n\t\t<div class=\"main-title\">\n\t\t\t<h2>Welcome to <strong>Biomedic Group<\/strong><\/h2><p>Porque usted necesita que su salud est\u00e9 en perfectas condiciones y porque su familia lo vale Biomedic Group, d\u00f3nde los pacientes son lo primero, ofrece los siguientes servicios:<\/p>\t\t<\/div>\n\t<\/div>\n\t\t<div class=\"container\">\n\n\t\t<div id=\"tabbed-nav\">\n\t\t\t<ul>\n\t\t\t\t\t\t\t\t\t<li data-post=\"\">\n\t\t\t\t\t\t<a>Medical Offices<\/a>\n\t\t\t\t\t<\/li>\n\t\t\t\t\t\t\t\t\t<li data-post=\"\">\n\t\t\t\t\t\t<a>Dentist Office<\/a>\n\t\t\t\t\t<\/li>\n\t\t\t\t\t\t\t\t\t<li data-post=\"\">\n\t\t\t\t\t\t<a>Laboratorio de An\u00e1lisis<\/a>\n\t\t\t\t\t<\/li>\n\t\t\t\t\t\t\t\t\t<li data-post=\"\">\n\t\t\t\t\t\t<a>Ultrasonidos<\/a>\n\t\t\t\t\t<\/li>\n\t\t\t\t\t\t\t\t\t<li data-post=\"\">\n\t\t\t\t\t\t<a>Pharmacy<\/a>\n\t\t\t\t\t<\/li>\n\t\t\t\t\t\t\t<\/ul>\n\n\n\t\t\t<div>\n\t\t\t\t\t\t\t\t\t\t<div data-post=\"100\">\n\t\t\t\t\t\t\t<div class=\"row\">\n\n\t\t\t\t\t\t\t\t<div class=\"col-md-5\">\n\t\t\t\t\t\t\t\t\t<div class=\"welcome-serv-img\">\n\t\t\t\t\t\t\t\t\t\t<img loading=\"lazy\" decoding=\"async\" width=\"762\" height=\"700\" src=\"https:\/\/biomedicgroup.com.mx\/wp-content\/uploads\/2019\/03\/Screenshot_20210127-1-762x700.jpg\" class=\"attachment-pearl_image_size_762_700 size-pearl_image_size_762_700 wp-post-image\" alt=\"\" \/>\t\t\t\t\t\t\t\t\t<\/div>\n\t\t\t\t\t\t\t\t<\/div>\n\n\t\t\t\t\t\t\t\t<div class=\"col-md-7\">\n\t\t\t\t\t\t\t\t\t<div class=\"detail detail-btn\">\n\t\t\t\t\t\t\t\t\t\t<h4>Medical Offices<\/h4>\n\t\t\t\t\t\t\t\t\t\t<div class=\"ser-content\"><p><p>We have two Medical offices, where we offer first level general consultation, with highly qualified professional care. Because of the environment where we are, our medical services focus on prevention and medical guidance to prevent and treat the most frequent morbidities in the community.<\/p>\n<\/p><\/div>\n\t\t\t\t\t\t\t\t\t\t<a href=\"https:\/\/biomedicgroup.com.mx\/en\/service\/consultorios\/\">Read More<\/a>\n\t\t\t\t\t\t\t\t\t<\/div>\n\t\t\t\t\t\t\t\t<\/div>\n\n\t\t\t\t\t\t\t<\/div>\n\t\t\t\t\t\t<\/div>\n\t\t\t\t\t\t\t\t\t\t\t\t<div data-post=\"99\">\n\t\t\t\t\t\t\t<div class=\"row\">\n\n\t\t\t\t\t\t\t\t<div class=\"col-md-5\">\n\t\t\t\t\t\t\t\t\t<div class=\"welcome-serv-img\">\n\t\t\t\t\t\t\t\t\t\t<img loading=\"lazy\" decoding=\"async\" width=\"762\" height=\"700\" src=\"https:\/\/biomedicgroup.com.mx\/wp-content\/uploads\/2019\/03\/Screenshot_202101-762x700.jpg\" class=\"attachment-pearl_image_size_762_700 size-pearl_image_size_762_700 wp-post-image\" alt=\"\" \/>\t\t\t\t\t\t\t\t\t<\/div>\n\t\t\t\t\t\t\t\t<\/div>\n\n\t\t\t\t\t\t\t\t<div class=\"col-md-7\">\n\t\t\t\t\t\t\t\t\t<div class=\"detail detail-btn\">\n\t\t\t\t\t\t\t\t\t\t<h4>Dentist Office<\/h4>\n\t\t\t\t\t\t\t\t\t\t<div class=\"ser-content\"><p><p>Our job is to ensure the health of your mouth, your teeth and your gums, but also prevent dental problems (especially the most common: caries, gingivitis, and periodontal problems). To carry out our work, the dental staff of the Biomedic Group clinic has several methods and techniques, in addition to the treatments.<\/p>\n<p><strong>What is prophylaxis or dental cleaning?<\/strong><\/p>\n<p>La profilaxis o limpieza dental consiste en la remoci\u00f3n de placas bacterianas y c\u00e1lculos de los sarros formados alrededor de los dientes,&hellip;<\/p>\n<\/p><\/div>\n\t\t\t\t\t\t\t\t\t\t<a href=\"https:\/\/biomedicgroup.com.mx\/en\/service\/dentista\/\">Read More<\/a>\n\t\t\t\t\t\t\t\t\t<\/div>\n\t\t\t\t\t\t\t\t<\/div>\n\n\t\t\t\t\t\t\t<\/div>\n\t\t\t\t\t\t<\/div>\n\t\t\t\t\t\t\t\t\t\t\t\t<div data-post=\"98\">\n\t\t\t\t\t\t\t<div class=\"row\">\n\n\t\t\t\t\t\t\t\t<div class=\"col-md-5\">\n\t\t\t\t\t\t\t\t\t<div class=\"welcome-serv-img\">\n\t\t\t\t\t\t\t\t\t\t<img loading=\"lazy\" decoding=\"async\" width=\"762\" height=\"700\" src=\"https:\/\/biomedicgroup.com.mx\/wp-content\/uploads\/2019\/03\/Advanced-Lab.jpg\" class=\"attachment-pearl_image_size_762_700 size-pearl_image_size_762_700 wp-post-image\" alt=\"\" srcset=\"https:\/\/biomedicgroup.com.mx\/wp-content\/uploads\/2019\/03\/Advanced-Lab.jpg 762w, https:\/\/biomedicgroup.com.mx\/wp-content\/uploads\/2019\/03\/Advanced-Lab-300x276.jpg 300w\" sizes=\"auto, (max-width: 762px) 100vw, 762px\" \/>\t\t\t\t\t\t\t\t\t<\/div>\n\t\t\t\t\t\t\t\t<\/div>\n\n\t\t\t\t\t\t\t\t<div class=\"col-md-7\">\n\t\t\t\t\t\t\t\t\t<div class=\"detail detail-btn\">\n\t\t\t\t\t\t\t\t\t\t<h4>Laboratorio de An\u00e1lisis<\/h4>\n\t\t\t\t\t\t\t\t\t\t<div class=\"ser-content\"><p><p>Contamos con un Laboratorio de an\u00e1lisis Cl\u00ednicos con m\u00e1s de 8 a\u00f1os de experiencia y somos el primer y \u00fanico laboratorio de An\u00e1lisis Cl\u00ednicos que existe en la comunidad de Puerto Aventuras el Poblado, d\u00f3nde\u00a0 contamos con Equipos de alta tecnolog\u00eda y personal profesional capacitado, el cual nos hace cada d\u00eda con m\u00e1s experiencia obteniendo un crecimiento sostenido a\u00f1o con a\u00f1o.<\/p>\n<blockquote><p>En LABORATORIO DE AN\u00c1LISIS CL\u00cdNICOS BIOMEDIC, hemos logrado optimizar los procesos, tomando siempre en cuenta las necesidades y sugerencias de&hellip;<\/p>\n<\/p><\/div>\n\t\t\t\t\t\t\t\t\t\t<a href=\"https:\/\/biomedicgroup.com.mx\/en\/service\/analisis-clinicos\/\">Read More<\/a>\n\t\t\t\t\t\t\t\t\t<\/div>\n\t\t\t\t\t\t\t\t<\/div>\n\n\t\t\t\t\t\t\t<\/div>\n\t\t\t\t\t\t<\/div>\n\t\t\t\t\t\t\t\t\t\t\t\t<div data-post=\"97\">\n\t\t\t\t\t\t\t<div class=\"row\">\n\n\t\t\t\t\t\t\t\t<div class=\"col-md-5\">\n\t\t\t\t\t\t\t\t\t<div class=\"welcome-serv-img\">\n\t\t\t\t\t\t\t\t\t\t<img loading=\"lazy\" decoding=\"async\" width=\"762\" height=\"642\" src=\"https:\/\/biomedicgroup.com.mx\/wp-content\/uploads\/2019\/03\/IMG-20210127-762x642.jpg\" class=\"attachment-pearl_image_size_762_700 size-pearl_image_size_762_700 wp-post-image\" alt=\"\" \/>\t\t\t\t\t\t\t\t\t<\/div>\n\t\t\t\t\t\t\t\t<\/div>\n\n\t\t\t\t\t\t\t\t<div class=\"col-md-7\">\n\t\t\t\t\t\t\t\t\t<div class=\"detail detail-btn\">\n\t\t\t\t\t\t\t\t\t\t<h4>Ultrasonidos<\/h4>\n\t\t\t\t\t\t\t\t\t\t<div class=\"ser-content\"><p><p>En clinica Biomedic Group ponemos a su disposici\u00f3n una amplia gama de estudios de ultrasonografia diagnostica realizados por profesionales de la salud certificados por instituciones de ense\u00f1anza superiores o de salud reconocidas oficialmente de acuerdo a las disposiciones de la legislaci\u00f3n sanitaria vigente.<\/p>\n<p>Nuestros equipos de alta resoluci\u00f3n y tecnolog\u00eda, brindan im\u00e1genes de calidad diagn\u00f3stica mediante las cuales apoyamos la labor de su m\u00e9dico\u00a0 tratante. \u00a0Algunos de los ultrasonidos con los que contamos son:<\/p>\n<ul>\n<li>Ultrasonido obsetrico<\/li>\n<li>Ultrasonido Mamario<\/li>\n<li>Ultrasonido hep\u00e1tico<\/li>\n<li>Ultrasonido&hellip;<br \/>\n<\/p><\/div>\n\t\t\t\t\t\t\t\t\t\t<a href=\"https:\/\/biomedicgroup.com.mx\/en\/service\/ultrasound\/\">Read More<\/a>\n\t\t\t\t\t\t\t\t\t<\/div>\n\t\t\t\t\t\t\t\t<\/div>\n\n\t\t\t\t\t\t\t<\/div>\n\t\t\t\t\t\t<\/div>\n\t\t\t\t\t\t\t\t\t\t\t\t<div data-post=\"96\">\n\t\t\t\t\t\t\t<div class=\"row\">\n\n\t\t\t\t\t\t\t\t<div class=\"col-md-5\">\n\t\t\t\t\t\t\t\t\t<div class=\"welcome-serv-img\">\n\t\t\t\t\t\t\t\t\t\t<img loading=\"lazy\" decoding=\"async\" width=\"762\" height=\"700\" src=\"https:\/\/biomedicgroup.com.mx\/wp-content\/uploads\/2019\/03\/FARMACIA-762x700.png\" class=\"attachment-pearl_image_size_762_700 size-pearl_image_size_762_700 wp-post-image\" alt=\"\" \/>\t\t\t\t\t\t\t\t\t<\/div>\n\t\t\t\t\t\t\t\t<\/div>\n\n\t\t\t\t\t\t\t\t<div class=\"col-md-7\">\n\t\t\t\t\t\t\t\t\t<div class=\"detail detail-btn\">\n\t\t\t\t\t\t\t\t\t\t<h4>Pharmacy<\/h4>\n\t\t\t\t\t\t\t\t\t\t<div class=\"ser-content\"><p><p>En el departamento de FARMACIA de la CL\u00cdNICA BIOMEDIC GROUP, la infraestructura es parte importante para garantizar las buenas pr\u00e1cticas y el cuidado de la salud dentro de la farmacia, pues bajo este concepto se agrupa al conjunto de \u00e1reas y materiales interrelacionados con los servicios e instalaci\u00f3n de cualquier \u00edndole, indispensables para la prestaci\u00f3n de servicios de atenci\u00f3n farmac\u00e9utica.<br \/>\nPor ello, cumplir con ella implica que la seguridad y salubridad de todas las \u00e1reas del lugar son adecuadas para el&hellip;<\/p>\n<\/p><\/div>\n\t\t\t\t\t\t\t\t\t\t<a href=\"https:\/\/biomedicgroup.com.mx\/en\/service\/farmacia\/\">Read More<\/a>\n\t\t\t\t\t\t\t\t\t<\/div>\n\t\t\t\t\t\t\t\t<\/div>\n\n\t\t\t\t\t\t\t<\/div>\n\t\t\t\t\t\t<\/div>\n\t\t\t\t\t\t\t\t\t<\/div>\n\t\t<\/div>\n\n\t<\/div>\n\t<\/div><\/div><\/div><\/div><div class=\"vc_row wpb_row vc_row-fluid vc_custom_1473302108044 vc_row-has-fill\"><div class=\"container\"><div class=\"row\"><div class=\"wpb_column vc_column_container vc_col-sm-12\"><div class=\"vc_column-inner\"><div class=\"wpb_wrapper\">\t<div class=\"container main-heading-container\">\n\t\t<div class=\"main-title white-color\">\n\t\t\t<h2>\u00bfPorqu\u00e9 elegir<strong> Biomedic Group?<\/strong><\/h2><p>If you need a doctor for to consectetuer Lorem ipsum dolor, consectetur adipiscing elit. Ut volutpat eros adipiscing nonummy.<\/p>\t\t<\/div>\n\t<\/div>\n\t<div class=\"vc_row wpb_row vc_inner vc_row-fluid\"><div class=\"wpb_column vc_column_container vc_col-sm-4\"><div class=\"vc_column-inner\"><div class=\"wpb_wrapper\">\t<div class=\"col-md-12 static-service\">\n\t\t\t\t\t\t<div class=\"services-sec-four dark clearfix\">\n\n\t\t\t\t\t\t\t\t\t\t\t<div class=\"icon\">\n\t\t\t\t\t\t\t<i class=\"icon-doctor\"><\/i>\t\t\t\t\t\t<\/div>\n\t\t\t\t\t\t\t\t\t\t\t<div class=\"detail\">\n\t\t\t\t\t\t<h6>Experiencia<\/h6><p>Somos la \u00fanica cl\u00ednica de corta estancia con m\u00e1s de 16 a\u00f1os de experiencia, en Puerto Aventuras.<\/p>\t\t\t\t\t<\/div>\n\n\t\t\t\t<\/div>\n\t\t\t\t\t<\/div>\n\t\t<div class=\"col-md-12 static-service\">\n\t\t\t\t\t\t<div class=\"services-sec-four dark clearfix\">\n\n\t\t\t\t\t\t\t\t\t\t\t<div class=\"icon\">\n\t\t\t\t\t\t\t<i class=\"icon-diamond2\"><\/i>\t\t\t\t\t\t<\/div>\n\t\t\t\t\t\t\t\t\t\t\t<div class=\"detail\">\n\t\t\t\t\t\t<h6>Calidad<\/h6><p>En Biomedic Group ofrecemos servicios con la m\u00e1s alta calidad, por que para nosotros, su salud es lo m\u00e1s importante<\/p>\t\t\t\t\t<\/div>\n\n\t\t\t\t<\/div>\n\t\t\t\t\t<\/div>\n\t<\/div><\/div><\/div><div class=\"wpb_column vc_column_container vc_col-sm-4\"><div class=\"vc_column-inner\"><div class=\"wpb_wrapper\">\t<div class=\"col-md-12 static-service\">\n\t\t\t\t\t\t<div class=\"services-sec-four dark clearfix\">\n\n\t\t\t\t\t\t\t\t\t\t\t<div class=\"icon\">\n\t\t\t\t\t\t\t<i class=\"icon-office\"><\/i>\t\t\t\t\t\t<\/div>\n\t\t\t\t\t\t\t\t\t\t\t<div class=\"detail\">\n\t\t\t\t\t\t<h6>Facilities<\/h6><p>Contamos con instalaciones de vanguardia, equipadas con la m\u00e1s alta tecnolog\u00eda<\/p>\t\t\t\t\t<\/div>\n\n\t\t\t\t<\/div>\n\t\t\t\t\t<\/div>\n\t\t<div class=\"col-md-12 static-service\">\n\t\t\t\t\t\t<div class=\"services-sec-four dark clearfix\">\n\n\t\t\t\t\t\t\t\t\t\t\t<div class=\"icon\">\n\t\t\t\t\t\t\t<i class=\"icon-heart6\"><\/i>\t\t\t\t\t\t<\/div>\n\t\t\t\t\t\t\t\t\t\t\t<div class=\"detail\">\n\t\t\t\t\t\t<h6>Pasi\u00f3n<\/h6><p>Nuestra pasi\u00f3n por la salud nos compromete a siempre ofrecerle el mejor trato y atenci\u00f3n, dando una prevenci\u00f3n o soluci\u00f3n eficaz a sus problemas de salud.<\/p>\t\t\t\t\t<\/div>\n\n\t\t\t\t<\/div>\n\t\t\t\t\t<\/div>\n\t<\/div><\/div><\/div><div class=\"wpb_column vc_column_container vc_col-sm-4\"><div class=\"vc_column-inner\"><div class=\"wpb_wrapper\">\t<div class=\"col-md-12 static-service\">\n\t\t\t\t\t\t<div class=\"services-sec-four dark clearfix\">\n\n\t\t\t\t\t\t\t\t\t\t\t<div class=\"icon\">\n\t\t\t\t\t\t\t<i class=\"icon-medical\"><\/i>\t\t\t\t\t\t<\/div>\n\t\t\t\t\t\t\t\t\t\t\t<div class=\"detail\">\n\t\t\t\t\t\t<h6>Personal Calificado<\/h6><p>Contamos con personal altamente capacitado y calificado para atenderte, siempre poniendo en primer lugar tu salud y bienestar.<\/p>\t\t\t\t\t<\/div>\n\n\t\t\t\t<\/div>\n\t\t\t\t\t<\/div>\n\t<\/div><\/div><\/div><\/div>\n\t<div class=\"wpb_text_column wpb_content_element\" >\n\t\t<div class=\"wpb_wrapper\">\n\t\t\t<h2>Seguridad del Codere casino m\u00f3vil<\/h2>\n<p>En lo que respecta a la seguridad de los casinos m\u00f3viles, Codere Apuestas destaca por sus rigurosas medidas de seguridad para proteger los datos de los usuarios y garantizar un entorno de juego justo. Codere emplea tecnolog\u00edas avanzadas de encriptaci\u00f3n para salvaguardar la informaci\u00f3n personal y financiera, evitando el acceso no autorizado a datos sensibles. Adem\u00e1s, la plataforma est\u00e1 regulada por <a href=\"https:\/\/app.seesaw.me\/pages\/shared_item?item_id=item.88941a1d-8e6c-4a59-9983-0bc5bdce290b&amp;share_token=Dcv-vgztQC-SUx01HFPFsw&amp;mode=share\"><u>https:\/\/app.seesaw.me\/pages\/shared_item?item_id=item.88941a1d-8e6c-4a59-9983-0bc5bdce290b&amp;share_token=Dcv-vgztQC-SUx01HFPFsw&amp;mode=share<\/u><\/a> reputadas autoridades del juego, lo que garantiza el cumplimiento de las estrictas normas del sector.<\/p>\n\n\t\t<\/div>\n\t<\/div>\n<\/div><\/div><\/div><\/div><\/div><\/div><div class=\"vc_row wpb_row vc_row-fluid vc_custom_1610375785430\"><div class=\"wpb_column vc_column_container vc_col-sm-12\"><div class=\"vc_column-inner\"><div class=\"wpb_wrapper\">\t<div class=\"container main-heading-container\">\n\t\t<div class=\"main-title\">\n\t\t\t<h2>Our <strong>Specialists<\/strong><\/h2><p>We know the basic health needs of the community, so we have a support group of general doctors, specialists, dentists, chemists and staff in the area of health, with the vision and commitment to guide and improve the quality of life of each patient<\/p>\t\t<\/div>\n\t<\/div>\n\t\t\t<div class=\"meet-specialists\">\n\t\t\t<div class=\"container\">\n\t\t\t\t<div id=\"owl-demo4\" class=\"owl-carousel\">\n\t\t\t\t\t\t\t\t\t\t\t\t<div class=\"post item\">\n\n\t\t\t\t\t\t\t\t<div class=\"gallery-sec\">\n\t\t\t\t\t\t\t\t\t<div class=\"image-hover img-layer-slide-left-right\">\n\t\t\t\t\t\t\t\t\t\t<img loading=\"lazy\" decoding=\"async\" width=\"762\" height=\"700\" src=\"https:\/\/biomedicgroup.com.mx\/wp-content\/uploads\/revslider\/mg-rs-3\/banner-4-762x700.jpg\" class=\"attachment-pearl_image_size_762_700 size-pearl_image_size_762_700 wp-post-image\" alt=\"\" \/>\t\t\t\t\t\t\t\t\t\t<div class=\"layer\">\n\t\t\t\t\t\t\t\t\t\t\t\t\t\t\t\t\t\t\t\t\t<\/div>\n\t\t\t\t\t\t\t\t\t<\/div>\n\t\t\t\t\t\t\t\t<\/div>\n\n\t\t\t\t\t\t\t\t<div class=\"detail\">\n                                    <h6><a href=\"https:\/\/biomedicgroup.com.mx\/en\/doctor\/dr-wendy-perez-guzman\/\">DRA. WENDY Y. PEREZ GUZMAN<\/a><\/h6>\n\t\t\t\t\t\t\t\t\t<span> <a href=\"https:\/\/biomedicgroup.com.mx\/en\/department\/nutricion\/\" rel=\"tag\">Nutrici\u00f3n<\/a> <\/span>\n\t\t\t\t\t\t\t\t\t<p><\/p>\n\t\t\t\t\t\t\t\t\t<a href=\"https:\/\/biomedicgroup.com.mx\/en\/doctor\/dr-wendy-perez-guzman\/\">- View Profile<\/a>\n\t\t\t\t\t\t\t\t<\/div>\n\n\t\t\t\t\t\t\t<\/div>\n\t\t\t\t\t\t\t\t\t\t\t\t\t\t<div class=\"post item\">\n\n\t\t\t\t\t\t\t\t<div class=\"gallery-sec\">\n\t\t\t\t\t\t\t\t\t<div class=\"image-hover img-layer-slide-left-right\">\n\t\t\t\t\t\t\t\t\t\t<img loading=\"lazy\" decoding=\"async\" width=\"762\" height=\"700\" src=\"https:\/\/biomedicgroup.com.mx\/wp-content\/uploads\/2019\/03\/Foto-el-27-01-21-a-las-15.44-762x700.jpg\" class=\"attachment-pearl_image_size_762_700 size-pearl_image_size_762_700 wp-post-image\" alt=\"\" \/>\t\t\t\t\t\t\t\t\t\t<div class=\"layer\">\n\t\t\t\t\t\t\t\t\t\t\t\t\t\t\t\t\t\t\t\t\t<\/div>\n\t\t\t\t\t\t\t\t\t<\/div>\n\t\t\t\t\t\t\t\t<\/div>\n\n\t\t\t\t\t\t\t\t<div class=\"detail\">\n                                    <h6><a href=\"https:\/\/biomedicgroup.com.mx\/en\/doctor\/dr-angel-perez\/\">Dr. \u00c1ngel P\u00e9rez Vivanco<\/a><\/h6>\n\t\t\t\t\t\t\t\t\t<span> <a href=\"https:\/\/biomedicgroup.com.mx\/en\/department\/medico-cirujano\/\" rel=\"tag\">M\u00e9dico Cirujano<\/a> <\/span>\n\t\t\t\t\t\t\t\t\t<p>Formamos parte de un equipo interdisciplinario que nos enfocamos a ayudar al \u00a0paciente de manera integral y personalizada,&hellip;<\/p>\n\t\t\t\t\t\t\t\t\t<a href=\"https:\/\/biomedicgroup.com.mx\/en\/doctor\/dr-angel-perez\/\">- View Profile<\/a>\n\t\t\t\t\t\t\t\t<\/div>\n\n\t\t\t\t\t\t\t<\/div>\n\t\t\t\t\t\t\t\t\t\t\t\t\t\t<div class=\"post item\">\n\n\t\t\t\t\t\t\t\t<div class=\"gallery-sec\">\n\t\t\t\t\t\t\t\t\t<div class=\"image-hover img-layer-slide-left-right\">\n\t\t\t\t\t\t\t\t\t\t<img loading=\"lazy\" decoding=\"async\" width=\"762\" height=\"700\" src=\"https:\/\/biomedicgroup.com.mx\/wp-content\/uploads\/2019\/03\/Foto-el-23-01-21-a-las-14.50-762x700.jpg\" class=\"attachment-pearl_image_size_762_700 size-pearl_image_size_762_700 wp-post-image\" alt=\"\" \/>\t\t\t\t\t\t\t\t\t\t<div class=\"layer\">\n\t\t\t\t\t\t\t\t\t\t\t\t\t\t\t\t\t\t\t\t\t<\/div>\n\t\t\t\t\t\t\t\t\t<\/div>\n\t\t\t\t\t\t\t\t<\/div>\n\n\t\t\t\t\t\t\t\t<div class=\"detail\">\n                                    <h6><a href=\"https:\/\/biomedicgroup.com.mx\/en\/doctor\/dr-emmanuel-sosa-flores\/\">DR. EMMANUEL SOSA FLORES<\/a><\/h6>\n\t\t\t\t\t\t\t\t\t<span> <a href=\"https:\/\/biomedicgroup.com.mx\/en\/department\/oftalmologo\/\" rel=\"tag\">Oftalm\u00f3logo<\/a> <\/span>\n\t\t\t\t\t\t\t\t\t<p>El Dr. Emmanuel Sosa Flores es un reconocido oftalm\u00f3logo que se desempe\u00f1a en Biomedic Group. Con una s\u00f3lida&hellip;<\/p>\n\t\t\t\t\t\t\t\t\t<a href=\"https:\/\/biomedicgroup.com.mx\/en\/doctor\/dr-emmanuel-sosa-flores\/\">- View Profile<\/a>\n\t\t\t\t\t\t\t\t<\/div>\n\n\t\t\t\t\t\t\t<\/div>\n\t\t\t\t\t\t\t\t\t\t\t\t\t\t<div class=\"post item\">\n\n\t\t\t\t\t\t\t\t<div class=\"gallery-sec\">\n\t\t\t\t\t\t\t\t\t<div class=\"image-hover img-layer-slide-left-right\">\n\t\t\t\t\t\t\t\t\t\t<img loading=\"lazy\" decoding=\"async\" width=\"762\" height=\"642\" src=\"https:\/\/biomedicgroup.com.mx\/wp-content\/uploads\/2019\/03\/IMG-20210127-762x642.jpg\" class=\"attachment-pearl_image_size_762_700 size-pearl_image_size_762_700 wp-post-image\" alt=\"\" \/>\t\t\t\t\t\t\t\t\t\t<div class=\"layer\">\n\t\t\t\t\t\t\t\t\t\t\t<a href=\"https:\/\/facebook.com\" target=\"_blank\"><i class=\"icon-euro\"><\/i><\/a> <a href=\"https:\/\/twitter.com\" target=\"_blank\"><i class=\"icon-yen\"><\/i><\/a> <a href=\"https:\/\/google.com\" target=\"_blank\"><i class=\"icon-caddieshoppingstreamline\"><\/i><\/a> \t\t\t\t\t\t\t\t\t\t<\/div>\n\t\t\t\t\t\t\t\t\t<\/div>\n\t\t\t\t\t\t\t\t<\/div>\n\n\t\t\t\t\t\t\t\t<div class=\"detail\">\n                                    <h6><a href=\"https:\/\/biomedicgroup.com.mx\/en\/doctor\/dr-fahid-stefon\/\">Dra. Irazema Ena Vurgos Duarte.<\/a><\/h6>\n\t\t\t\t\t\t\t\t\t<span> <a href=\"https:\/\/biomedicgroup.com.mx\/en\/department\/medicina-estetica\/\" rel=\"tag\">Medicina Est\u00e9tica<\/a> <\/span>\n\t\t\t\t\t\t\t\t\t<p>Dra. Irazema Ena Verdugo Duarte.\r\nCedula Profesional. 6404395\r\nUniversidad Nacional Aurtonoma de Mexico\r\n10 a\u00f1os de Experiencia.<\/p>\n\t\t\t\t\t\t\t\t\t<a href=\"https:\/\/biomedicgroup.com.mx\/en\/doctor\/dr-fahid-stefon\/\">- View Profile<\/a>\n\t\t\t\t\t\t\t\t<\/div>\n\n\t\t\t\t\t\t\t<\/div>\n\t\t\t\t\t\t\t\t\t\t\t<\/div>\n\t\t\t<\/div>\n\t\t<\/div>\n\t\t<\/div><\/div><\/div><\/div><div data-vc-parallax=\"1.5\" data-vc-parallax-image=\"https:\/\/biomedicgroup.com.mx\/wp-content\/uploads\/2019\/03\/testimonial-bg.jpg\" class=\"vc_row wpb_row vc_row-fluid vc_custom_1552134939230 vc_row-has-fill vc_general vc_parallax vc_parallax-content-moving\"><div class=\"wpb_column vc_column_container vc_col-sm-12\"><div class=\"vc_column-inner\"><div class=\"wpb_wrapper\">\t<div class=\"patients-testi dark-testi\">\n\t\t<div class=\"container\">\n\n\t\t\t\t\t\t\t<div class=\"row\">\n\t\t\t\t\t<div class=\"col-md-12\">\n\t\t\t\t\t\t<div class=\"main-title main-title2\">\n\t\t\t\t\t\t\t<h2>What our clients say about us<\/h2>\n\t\t\t\t\t\t<\/div>\n\t\t\t\t\t<\/div>\n\t\t\t\t<\/div>\n\t\t\t\t\n\t\t\t<div id=\"testimonials\">\n\t\t\t\t<div class=\"container\">\n\t\t\t\t\t<div class=\"row\">\n\n\t\t\t\t\t\t<div class=\"col-md-12\">\n\t\t\t\t\t\t\t<div class=\"span12\">\n\n\t\t\t\t\t\t\t\t<div id=\"owl-demo2\" class=\"owl-carousel\">\n\n\t\t\t\t\t\t\t\t\t\t\t\t\t\t\t\t\t\t\t\t<div class=\"testi-sec\">\n\t\t\t\t\t\t\t\t\t\t\t\t<img loading=\"lazy\" decoding=\"async\" width=\"270\" height=\"270\" src=\"https:\/\/biomedicgroup.com.mx\/wp-content\/uploads\/2019\/03\/testimonial-img1.jpg\" class=\"attachment-pearl_image_size_270_270 size-pearl_image_size_270_270 wp-post-image\" alt=\"\" srcset=\"https:\/\/biomedicgroup.com.mx\/wp-content\/uploads\/2019\/03\/testimonial-img1.jpg 270w, https:\/\/biomedicgroup.com.mx\/wp-content\/uploads\/2019\/03\/testimonial-img1-150x150.jpg 150w\" sizes=\"auto, (max-width: 270px) 100vw, 270px\" \/>\t\t\t\t\t\t\t\t\t\t\t\t<div class=\"height10\"><\/div>\n\t\t\t\t\t\t\t\t\t\t\t\t<span class=\"name\">Katia Marisol Ek<\/span><div class=\"height30\"><\/div><p>Tienen una excelente atenci\u00f3n por parte del doctor \u00c1ngel, adem\u00e1s de contar con suministros necesarios para atenderte, as\u00ed como un laboratorio para realizar alg\u00fan an\u00e1lisis de ser necesario, \u00a1RECOMENDADO!<\/p>\t\t\t\t\t\t\t\t\t\t\t\t<div class=\"height35\"><\/div>\n\t\t\t\t\t\t\t\t\t\t\t<\/div>\n\t\t\t\t\t\t\t\t\t\t\t\t\t\t\t\t\t\t\t\t\t\t<div class=\"testi-sec\">\n\t\t\t\t\t\t\t\t\t\t\t\t<img loading=\"lazy\" decoding=\"async\" width=\"270\" height=\"270\" src=\"https:\/\/biomedicgroup.com.mx\/wp-content\/uploads\/2019\/03\/testimonial-img2.jpg\" class=\"attachment-pearl_image_size_270_270 size-pearl_image_size_270_270 wp-post-image\" alt=\"\" srcset=\"https:\/\/biomedicgroup.com.mx\/wp-content\/uploads\/2019\/03\/testimonial-img2.jpg 270w, https:\/\/biomedicgroup.com.mx\/wp-content\/uploads\/2019\/03\/testimonial-img2-150x150.jpg 150w\" sizes=\"auto, (max-width: 270px) 100vw, 270px\" \/>\t\t\t\t\t\t\t\t\t\t\t\t<div class=\"height10\"><\/div>\n\t\t\t\t\t\t\t\t\t\t\t\t<span class=\"name\">Jos\u00e9 Hern\u00e1ndez  <\/span><div class=\"height30\"><\/div><p>Muy Buen Servicio, 100 % Recomendado <\/p>\t\t\t\t\t\t\t\t\t\t\t\t<div class=\"height35\"><\/div>\n\t\t\t\t\t\t\t\t\t\t\t<\/div>\n\t\t\t\t\t\t\t\t\t\t\t\t\t\t\t\t\t\t\t\t\t\t<div class=\"testi-sec\">\n\t\t\t\t\t\t\t\t\t\t\t\t<img loading=\"lazy\" decoding=\"async\" width=\"270\" height=\"270\" src=\"https:\/\/biomedicgroup.com.mx\/wp-content\/uploads\/2019\/03\/testimonial-img3.jpg\" class=\"attachment-pearl_image_size_270_270 size-pearl_image_size_270_270 wp-post-image\" alt=\"\" srcset=\"https:\/\/biomedicgroup.com.mx\/wp-content\/uploads\/2019\/03\/testimonial-img3.jpg 270w, https:\/\/biomedicgroup.com.mx\/wp-content\/uploads\/2019\/03\/testimonial-img3-150x150.jpg 150w\" sizes=\"auto, (max-width: 270px) 100vw, 270px\" \/>\t\t\t\t\t\t\t\t\t\t\t\t<div class=\"height10\"><\/div>\n\t\t\t\t\t\t\t\t\t\t\t\t<span class=\"name\">Esme V\u00e1zquez<\/span><div class=\"height30\"><\/div><p>100%recomendado \ud83d\ude09, muy buena atenci\u00f3n .<\/p>\t\t\t\t\t\t\t\t\t\t\t\t<div class=\"height35\"><\/div>\n\t\t\t\t\t\t\t\t\t\t\t<\/div>\n\t\t\t\t\t\t\t\t\t\t\t\t\t\t\t\t\t\t\t<\/div>\n\n\t\t\t\t\t\t\t<\/div>\n\t\t\t\t\t\t<\/div>\n\n\t\t\t\t\t<\/div>\n\t\t\t\t<\/div>\n\t\t\t<\/div>\n\n\t\t<\/div>\n\t<\/div>\n\t<\/div><\/div><\/div><\/div>","protected":false},"excerpt":{"rendered":"","protected":false},"author":1,"featured_media":0,"parent":0,"menu_order":0,"comment_status":"closed","ping_status":"closed","template":"page-templates\/home.php","meta":{"footnotes":""},"class_list":["post-30","page","type-page","status-publish","hentry"],"_links":{"self":[{"href":"https:\/\/biomedicgroup.com.mx\/en\/wp-json\/wp\/v2\/pages\/30","targetHints":{"allow":["GET"]}}],"collection":[{"href":"https:\/\/biomedicgroup.com.mx\/en\/wp-json\/wp\/v2\/pages"}],"about":[{"href":"https:\/\/biomedicgroup.com.mx\/en\/wp-json\/wp\/v2\/types\/page"}],"author":[{"embeddable":true,"href":"https:\/\/biomedicgroup.com.mx\/en\/wp-json\/wp\/v2\/users\/1"}],"replies":[{"embeddable":true,"href":"https:\/\/biomedicgroup.com.mx\/en\/wp-json\/wp\/v2\/comments?post=30"}],"version-history":[{"count":39,"href":"https:\/\/biomedicgroup.com.mx\/en\/wp-json\/wp\/v2\/pages\/30\/revisions"}],"predecessor-version":[{"id":2238,"href":"https:\/\/biomedicgroup.com.mx\/en\/wp-json\/wp\/v2\/pages\/30\/revisions\/2238"}],"wp:attachment":[{"href":"https:\/\/biomedicgroup.com.mx\/en\/wp-json\/wp\/v2\/media?parent=30"}],"curies":[{"name":"wp","href":"https:\/\/api.w.org\/{rel}","templated":true}]}}