{"id":180,"date":"2019-03-09T11:24:28","date_gmt":"2019-03-09T11:24:28","guid":{"rendered":"http:\/\/staging.pearlthemes.com\/medicalguide\/?page_id=180"},"modified":"2021-01-28T19:40:31","modified_gmt":"2021-01-28T19:40:31","slug":"nosotros","status":"publish","type":"page","link":"https:\/\/biomedicgroup.com.mx\/en\/nosotros\/","title":{"rendered":"Qui\u00e9nes Somos"},"content":{"rendered":"<div class=\"vc_row wpb_row vc_row-fluid vc_custom_1474001646517\"><div class=\"container\"><div class=\"row\"><div class=\"wpb_column vc_column_container vc_col-sm-12\"><div class=\"vc_column-inner\"><div class=\"wpb_wrapper\">\t<div class=\"container main-heading-container\">\n\t\t<div class=\"main-title\">\n\t\t\t<h2>Welcome to <strong>Biomedic Group<\/strong><\/h2><p>Where your health is the most important<\/p>\t\t<\/div>\n\t<\/div>\n\t<div class=\"vc_row wpb_row vc_inner vc_row-fluid vc_custom_1474026161945\"><div class=\"wpb_column vc_column_container vc_col-sm-5\"><div class=\"vc_column-inner\"><div class=\"wpb_wrapper\">\n\t<div  class=\"wpb_single_image wpb_content_element vc_align_left\">\n\t\t\n\t\t<figure class=\"wpb_wrapper vc_figure\">\n\t\t\t<div class=\"vc_single_image-wrapper   vc_box_border_grey\"><img loading=\"lazy\" decoding=\"async\" width=\"1900\" height=\"748\" src=\"https:\/\/biomedicgroup.com.mx\/wp-content\/uploads\/2021\/01\/clinica.jpg\" class=\"vc_single_image-img attachment-full\" alt=\"\" srcset=\"https:\/\/biomedicgroup.com.mx\/wp-content\/uploads\/2021\/01\/clinica.jpg 1900w, https:\/\/biomedicgroup.com.mx\/wp-content\/uploads\/2021\/01\/clinica-300x118.jpg 300w, https:\/\/biomedicgroup.com.mx\/wp-content\/uploads\/2021\/01\/clinica-1024x403.jpg 1024w, https:\/\/biomedicgroup.com.mx\/wp-content\/uploads\/2021\/01\/clinica-768x302.jpg 768w, https:\/\/biomedicgroup.com.mx\/wp-content\/uploads\/2021\/01\/clinica-1536x605.jpg 1536w\" sizes=\"auto, (max-width: 1900px) 100vw, 1900px\" \/><\/div>\n\t\t<\/figure>\n\t<\/div>\n<\/div><\/div><\/div><div class=\"wpb_column vc_column_container vc_col-sm-7\"><div class=\"vc_column-inner\"><div class=\"wpb_wrapper\">\n\t<div class=\"wpb_text_column wpb_content_element\" >\n\t\t<div class=\"wpb_wrapper\">\n\t\t\t<p>En 2005 en Dr. \u00c1ngel P\u00e9rez Vivanco, fund\u00f3 un consultorio en el poblado de apoyo de Puerto Aventuras, una comunidad a 15 minutos de Playa del Carmen, alejada del bullicio y el ambiente social de la zona tur\u00edstica. El pueblo contaba, en ese entonces, con una poblaci\u00f3n de alrededor de 4000 habitantes.<\/p>\n\n\t\t<\/div>\n\t<\/div>\n\n\t<div class=\"wpb_text_column wpb_content_element\" >\n\t\t<div class=\"wpb_wrapper\">\n\t\t\t<p>Un pueblo c\u00e1lido y familiar que necesitaba de un servicio m\u00e9dico ya que en ese momento, \u00e9ste estaba escaso en la Rivera Maya. Gracias a su pasi\u00f3n por la medicina y a la necesidad de dar respuesta a la carencia de servicios m\u00e9dicos en la comunidad de Puerto Aventuras el poblado y Puerto Aventuras la marina, nace Biomedic Group.<\/p>\n\n\t\t<\/div>\n\t<\/div>\n<\/div><\/div><\/div><\/div>\n\t<div class=\"wpb_text_column wpb_content_element\" >\n\t\t<div class=\"wpb_wrapper\">\n\t\t\t<p class=\"font_2\"><span class=\"color_35\">Al pasar de los a\u00f1os, el consultorio m\u00e9dico fue creciendo paulatinamente con el aumento de la poblaci\u00f3n, sin embargo, el compromiso de mejorar y prestar un servicio m\u00e9dico integral con calidad, ha sido el motivo por el cual se decidi\u00f3 dar un cambio radical a trav\u00e9s de la ampliaci\u00f3n de lo que antes era un consultorio m\u00e9dico a lo que hoy consideramos una CL\u00cdNICA M\u00c9DICA DE CORTA ESTANCIA, donde ofrecemos los servicios m\u00e9dicos b\u00e1sicos de una comunidad como Puerto Aventuras y sus alrededores, as\u00ed como una mayor comodidad y seguridad al paciente y sus familiares.<\/span><\/p>\n\n\t\t<\/div>\n\t<\/div>\n<\/div><\/div><\/div><\/div><\/div><\/div><div class=\"vc_row wpb_row vc_row-fluid vc_custom_1473579614380 vc_row-has-fill\"><div class=\"wpb_column vc_column_container vc_col-sm-12\"><div class=\"vc_column-inner\"><div class=\"wpb_wrapper\">\t<div class=\"container main-heading-container\">\n\t\t<div class=\"main-title\">\n\t\t\t<h2>Our <strong> Mission<\/strong><\/h2><p>At Clinica Biomedic Group Puerto Aventuras, where patients come first, our mission is to help them live their lives as healthy as possible and their basic treatment focuses on disease prevention and to guide the patient and their families to a healthy diet<\/p>\t\t<\/div>\n\t<\/div>\n\t<\/div><\/div><\/div><\/div><div class=\"vc_row wpb_row vc_row-fluid vc_custom_1473579457304\"><div class=\"wpb_column vc_column_container vc_col-sm-12\"><div class=\"vc_column-inner\"><div class=\"wpb_wrapper\">\t<div class=\"container main-heading-container\">\n\t\t<div class=\"main-title\">\n\t\t\t<h2>Our <strong>specialists<\/strong><\/h2><p>Contamos con especialistas altamente capacitados para atenderte, brind\u00e1ndote la atenci\u00f3n y ayuda necesaria.<\/p>\t\t<\/div>\n\t<\/div>\n\t\t\t<div class=\"meet-specialists\">\n\t\t\t<div class=\"container\">\n\t\t\t\t<div id=\"owl-demo4\" class=\"owl-carousel\">\n\t\t\t\t\t\t\t\t\t\t\t\t<div class=\"post item\">\n\n\t\t\t\t\t\t\t\t<div class=\"gallery-sec\">\n\t\t\t\t\t\t\t\t\t<div class=\"image-hover img-layer-slide-left-right\">\n\t\t\t\t\t\t\t\t\t\t<img loading=\"lazy\" decoding=\"async\" width=\"762\" height=\"700\" src=\"https:\/\/biomedicgroup.com.mx\/wp-content\/uploads\/revslider\/mg-rs-3\/banner-4-762x700.jpg\" class=\"attachment-pearl_image_size_762_700 size-pearl_image_size_762_700 wp-post-image\" alt=\"\" \/>\t\t\t\t\t\t\t\t\t\t<div class=\"layer\">\n\t\t\t\t\t\t\t\t\t\t\t\t\t\t\t\t\t\t\t\t\t<\/div>\n\t\t\t\t\t\t\t\t\t<\/div>\n\t\t\t\t\t\t\t\t<\/div>\n\n\t\t\t\t\t\t\t\t<div class=\"detail\">\n                                    <h6><a href=\"https:\/\/biomedicgroup.com.mx\/en\/doctor\/dr-wendy-perez-guzman\/\">DRA. WENDY Y. PEREZ GUZMAN<\/a><\/h6>\n\t\t\t\t\t\t\t\t\t<span> <a href=\"https:\/\/biomedicgroup.com.mx\/en\/department\/nutricion\/\" rel=\"tag\">Nutrici\u00f3n<\/a> <\/span>\n\t\t\t\t\t\t\t\t\t<p><\/p>\n\t\t\t\t\t\t\t\t\t<a href=\"https:\/\/biomedicgroup.com.mx\/en\/doctor\/dr-wendy-perez-guzman\/\">- View Profile<\/a>\n\t\t\t\t\t\t\t\t<\/div>\n\n\t\t\t\t\t\t\t<\/div>\n\t\t\t\t\t\t\t\t\t\t\t\t\t\t<div class=\"post item\">\n\n\t\t\t\t\t\t\t\t<div class=\"gallery-sec\">\n\t\t\t\t\t\t\t\t\t<div class=\"image-hover img-layer-slide-left-right\">\n\t\t\t\t\t\t\t\t\t\t<img loading=\"lazy\" decoding=\"async\" width=\"762\" height=\"700\" src=\"https:\/\/biomedicgroup.com.mx\/wp-content\/uploads\/2019\/03\/Foto-el-27-01-21-a-las-15.44-762x700.jpg\" class=\"attachment-pearl_image_size_762_700 size-pearl_image_size_762_700 wp-post-image\" alt=\"\" \/>\t\t\t\t\t\t\t\t\t\t<div class=\"layer\">\n\t\t\t\t\t\t\t\t\t\t\t\t\t\t\t\t\t\t\t\t\t<\/div>\n\t\t\t\t\t\t\t\t\t<\/div>\n\t\t\t\t\t\t\t\t<\/div>\n\n\t\t\t\t\t\t\t\t<div class=\"detail\">\n                                    <h6><a href=\"https:\/\/biomedicgroup.com.mx\/en\/doctor\/dr-angel-perez\/\">Dr. \u00c1ngel P\u00e9rez Vivanco<\/a><\/h6>\n\t\t\t\t\t\t\t\t\t<span> <a href=\"https:\/\/biomedicgroup.com.mx\/en\/department\/medico-cirujano\/\" rel=\"tag\">M\u00e9dico Cirujano<\/a> <\/span>\n\t\t\t\t\t\t\t\t\t<p>Formamos parte de un equipo interdisciplinario que nos enfocamos a ayudar al \u00a0paciente de manera integral y personalizada,&hellip;<\/p>\n\t\t\t\t\t\t\t\t\t<a href=\"https:\/\/biomedicgroup.com.mx\/en\/doctor\/dr-angel-perez\/\">- View Profile<\/a>\n\t\t\t\t\t\t\t\t<\/div>\n\n\t\t\t\t\t\t\t<\/div>\n\t\t\t\t\t\t\t\t\t\t\t\t\t\t<div class=\"post item\">\n\n\t\t\t\t\t\t\t\t<div class=\"gallery-sec\">\n\t\t\t\t\t\t\t\t\t<div class=\"image-hover img-layer-slide-left-right\">\n\t\t\t\t\t\t\t\t\t\t<img loading=\"lazy\" decoding=\"async\" width=\"762\" height=\"700\" src=\"https:\/\/biomedicgroup.com.mx\/wp-content\/uploads\/2019\/03\/Foto-el-23-01-21-a-las-14.50-762x700.jpg\" class=\"attachment-pearl_image_size_762_700 size-pearl_image_size_762_700 wp-post-image\" alt=\"\" \/>\t\t\t\t\t\t\t\t\t\t<div class=\"layer\">\n\t\t\t\t\t\t\t\t\t\t\t\t\t\t\t\t\t\t\t\t\t<\/div>\n\t\t\t\t\t\t\t\t\t<\/div>\n\t\t\t\t\t\t\t\t<\/div>\n\n\t\t\t\t\t\t\t\t<div class=\"detail\">\n                                    <h6><a href=\"https:\/\/biomedicgroup.com.mx\/en\/doctor\/dr-emmanuel-sosa-flores\/\">DR. EMMANUEL SOSA FLORES<\/a><\/h6>\n\t\t\t\t\t\t\t\t\t<span> <a href=\"https:\/\/biomedicgroup.com.mx\/en\/department\/oftalmologo\/\" rel=\"tag\">Oftalm\u00f3logo<\/a> <\/span>\n\t\t\t\t\t\t\t\t\t<p>El Dr. Emmanuel Sosa Flores es un reconocido oftalm\u00f3logo que se desempe\u00f1a en Biomedic Group. Con una s\u00f3lida&hellip;<\/p>\n\t\t\t\t\t\t\t\t\t<a href=\"https:\/\/biomedicgroup.com.mx\/en\/doctor\/dr-emmanuel-sosa-flores\/\">- View Profile<\/a>\n\t\t\t\t\t\t\t\t<\/div>\n\n\t\t\t\t\t\t\t<\/div>\n\t\t\t\t\t\t\t\t\t\t\t\t\t\t<div class=\"post item\">\n\n\t\t\t\t\t\t\t\t<div class=\"gallery-sec\">\n\t\t\t\t\t\t\t\t\t<div class=\"image-hover img-layer-slide-left-right\">\n\t\t\t\t\t\t\t\t\t\t<img loading=\"lazy\" decoding=\"async\" width=\"762\" height=\"642\" src=\"https:\/\/biomedicgroup.com.mx\/wp-content\/uploads\/2019\/03\/IMG-20210127-762x642.jpg\" class=\"attachment-pearl_image_size_762_700 size-pearl_image_size_762_700 wp-post-image\" alt=\"\" \/>\t\t\t\t\t\t\t\t\t\t<div class=\"layer\">\n\t\t\t\t\t\t\t\t\t\t\t<a href=\"https:\/\/facebook.com\" target=\"_blank\"><i class=\"icon-euro\"><\/i><\/a> <a href=\"https:\/\/twitter.com\" target=\"_blank\"><i class=\"icon-yen\"><\/i><\/a> <a href=\"https:\/\/google.com\" target=\"_blank\"><i class=\"icon-caddieshoppingstreamline\"><\/i><\/a> \t\t\t\t\t\t\t\t\t\t<\/div>\n\t\t\t\t\t\t\t\t\t<\/div>\n\t\t\t\t\t\t\t\t<\/div>\n\n\t\t\t\t\t\t\t\t<div class=\"detail\">\n                                    <h6><a href=\"https:\/\/biomedicgroup.com.mx\/en\/doctor\/dr-fahid-stefon\/\">Dra. Irazema Ena Vurgos Duarte.<\/a><\/h6>\n\t\t\t\t\t\t\t\t\t<span> <a href=\"https:\/\/biomedicgroup.com.mx\/en\/department\/medicina-estetica\/\" rel=\"tag\">Medicina Est\u00e9tica<\/a> <\/span>\n\t\t\t\t\t\t\t\t\t<p>Dra. Irazema Ena Verdugo Duarte.\r\nCedula Profesional. 6404395\r\nUniversidad Nacional Aurtonoma de Mexico\r\n10 a\u00f1os de Experiencia.<\/p>\n\t\t\t\t\t\t\t\t\t<a href=\"https:\/\/biomedicgroup.com.mx\/en\/doctor\/dr-fahid-stefon\/\">- View Profile<\/a>\n\t\t\t\t\t\t\t\t<\/div>\n\n\t\t\t\t\t\t\t<\/div>\n\t\t\t\t\t\t\t\t\t\t\t<\/div>\n\t\t\t<\/div>\n\t\t<\/div>\n\t\t<\/div><\/div><\/div><\/div><div class=\"vc_row wpb_row vc_row-fluid vc_custom_1473579614380 vc_row-has-fill\"><div class=\"wpb_column vc_column_container vc_col-sm-12\"><div class=\"vc_column-inner\"><div class=\"wpb_wrapper\">\t<div class=\"container main-heading-container\">\n\t\t<div class=\"main-title\">\n\t\t\t<h2>Our <strong> Vision<\/strong><\/h2><p>Nuestra visi\u00f3n es ser el mejor servicio m\u00e9dico en la comunidad de Puerto Aventuras y toda la Riviera Maya, otorgando atenci\u00f3n medica con \u00e9tica y calidad humana a pacientes Nacionales e Internacionales.<\/p>\t\t<\/div>\n\t<\/div>\n\t<\/div><\/div><\/div><\/div>","protected":false},"excerpt":{"rendered":"Dra. Irazema Ena Verdugo Duarte. Cedula Profesional. 6404395 Universidad Nacional Aurtonoma de Mexico 10 a\u00f1os de Experiencia.","protected":false},"author":1,"featured_media":0,"parent":0,"menu_order":0,"comment_status":"closed","ping_status":"closed","template":"page-templates\/fluid-width.php","meta":{"footnotes":""},"class_list":["post-180","page","type-page","status-publish","hentry"],"_links":{"self":[{"href":"https:\/\/biomedicgroup.com.mx\/en\/wp-json\/wp\/v2\/pages\/180","targetHints":{"allow":["GET"]}}],"collection":[{"href":"https:\/\/biomedicgroup.com.mx\/en\/wp-json\/wp\/v2\/pages"}],"about":[{"href":"https:\/\/biomedicgroup.com.mx\/en\/wp-json\/wp\/v2\/types\/page"}],"author":[{"embeddable":true,"href":"https:\/\/biomedicgroup.com.mx\/en\/wp-json\/wp\/v2\/users\/1"}],"replies":[{"embeddable":true,"href":"https:\/\/biomedicgroup.com.mx\/en\/wp-json\/wp\/v2\/comments?post=180"}],"version-history":[{"count":17,"href":"https:\/\/biomedicgroup.com.mx\/en\/wp-json\/wp\/v2\/pages\/180\/revisions"}],"predecessor-version":[{"id":636,"href":"https:\/\/biomedicgroup.com.mx\/en\/wp-json\/wp\/v2\/pages\/180\/revisions\/636"}],"wp:attachment":[{"href":"https:\/\/biomedicgroup.com.mx\/en\/wp-json\/wp\/v2\/media?parent=180"}],"curies":[{"name":"wp","href":"https:\/\/api.w.org\/{rel}","templated":true}]}}