{"id":138,"date":"2019-03-07T11:11:33","date_gmt":"2019-03-07T11:11:33","guid":{"rendered":"http:\/\/staging.pearlthemes.com\/medicalguide\/?page_id=138"},"modified":"2020-09-15T19:29:34","modified_gmt":"2020-09-15T19:29:34","slug":"contacto","status":"publish","type":"page","link":"https:\/\/biomedicgroup.com.mx\/en\/contacto\/","title":{"rendered":"Cont\u00e1ctenos"},"content":{"rendered":"<div class=\"vc_row wpb_row vc_row-fluid vc_custom_1551114286963\"><div class=\"wpb_column vc_column_container vc_col-sm-12\"><div class=\"vc_column-inner\"><div class=\"wpb_wrapper\">\t<div class=\"container main-heading-container\">\n\t\t<div class=\"main-title\">\n\t\t\t<h2>Biomedic<strong> Group<\/strong><\/h2><p>Donde su salud es lo primero.<\/p>\t\t<\/div>\n\t<\/div>\n\t\n\t<div class=\"wpb_raw_code wpb_content_element wpb_raw_html\" >\n\t\t<div class=\"wpb_wrapper\">\n\t\t\t<iframe loading=\"lazy\" src=\"https:\/\/www.google.com\/maps\/embed?pb=!1m18!1m12!1m3!1d3736.827309788211!2d-87.23526978576362!3d20.513304310551973!2m3!1f0!2f0!3f0!3m2!1i1024!2i768!4f13.1!3m3!1m2!1s0x8f4e381b350aecb5%3A0x7d56a84343bd693e!2sCLINICA%20BIOMEDIC!5e0!3m2!1ses-419!2smx!4v1580389694859!5m2!1ses-419!2smx\" width=\"100%\" height=\"300\" frameborder=\"0\" style=\"border:0;\" allowfullscreen=\"\"><\/iframe>\n\t\t<\/div>\n\t<\/div>\n<\/div><\/div><\/div><\/div><div data-vc-full-width=\"true\" data-vc-full-width-init=\"false\" class=\"vc_row wpb_row vc_row-fluid vc_custom_1551114091951 vc_row-has-fill\"><div class=\"wpb_column vc_column_container vc_col-sm-7\"><div class=\"vc_column-inner\"><div class=\"wpb_wrapper\">\t<div class=\"container main-heading-container\">\n\t\t<div class=\"main-title\">\n\t\t\t<h2>Nos <strong>encantar\u00eda <\/strong> saber de usted<\/h2><p>Env\u00ede el formulario con sus datos y nos pondremos en contacto con usted, tan r\u00e1pido como nos sea posible.<\/p>\t\t<\/div>\n\t<\/div>\n\t        <form name=\"contact_form\" id=\"contact_form\" class=\"contact-form\" method=\"post\" action=\"https:\/\/biomedicgroup.com.mx\/wp-admin\/admin-ajax.php\" novalidate=\"novalidate\">\n            <div class=\"col-md-4\">\n                <input type=\"text\" data-delay=\"300\" class=\"required\" placeholder=\"Name*\" name=\"name\" title=\"* Please provide your name\" id=\"contact_name\">\n            <\/div>\n            <div class=\"col-md-4\">\n                <input type=\"text\" data-delay=\"300\" class=\"required email\" placeholder=\"Email*\" name=\"email\" title=\"* Please provide your email\" id=\"contact_email\">\n            <\/div>\n            <div class=\"col-md-4\">\n                <input type=\"text\" data-delay=\"300\" placeholder=\"Number\" name=\"number\" title=\"Please provide your number\">\n            <\/div>\n            <div class=\"col-md-12\">\n                <textarea data-delay=\"500\" class=\"required\" placeholder=\"Message*\" name=\"message\" title=\"* Please provide your message\" id=\"message\"><\/textarea>\n                                    <p class=\"gdpr-checkbox\">\n                        <label class=\"gdpr-checkbox-label\" for=\"contact_form_gdpr_checkbox\">\n                            <input type=\"checkbox\" id=\"contact_form_gdpr_checkbox\" name=\"contact_form_gdpr_checkbox\" value=\"yes\" class=\"required\" title=\"*Please check GDPR checkbox\" aria-required=\"true\">\n                            I consent to having this website store my submitted information so they can respond to my inquiry.                        <\/label>\n                    <\/p>\n                            <\/div>\n            <div class=\"col-md-12\">\n                <div class=\"row\">\n                    <div class=\"col-md-3 submit-and-loader\">\n                        <input name=\"submit\" id=\"submit-button\" type=\"submit\" value=\"Submit\">\n                    <\/div>\n                    <div class=\"col-md-2\">\n                        <img decoding=\"async\" src=\"https:\/\/biomedicgroup.com.mx\/wp-content\/themes\/pearl-medicalguide\/images\/ajax-loader.gif\" id=\"ajax-loader\" alt=\"Loading...\">\n                    <\/div>\n                <\/div>\n            <\/div>\n            <input type=\"hidden\" name=\"action\" value=\"pearl_send_message\"\/>\n            <input type=\"hidden\" name=\"nonce\" value=\"51eb5f8c9c\"\/>\n            <input type=\"hidden\" name=\"target\" value=\"r&#101;cepc&#105;on&#64;b&#105;o&#109;edic&#103;&#114;&#111;u&#112;&#46;&#99;o&#109;&#46;m&#120;\">\n            <input type=\"hidden\" name=\"cc_email\" value=\"\">\n            <input type=\"hidden\" name=\"bcc_email\" value=\"\">\n        <\/form>\n        <div class=\"col-md-12 contact-form-response-status\">\n            <p class=\"success\" id=\"success\" style=\"display:none;\"><\/p>\n            <p class=\"error\" id=\"error\" style=\"display:none;\"><\/p>\n        <\/div>\n        <\/div><\/div><\/div><div class=\"wpb_column vc_column_container vc_col-sm-5\"><div class=\"vc_column-inner\"><div class=\"wpb_wrapper\">\t<div class=\"container main-heading-container\">\n\t\t<div class=\"main-title\">\n\t\t\t<h2><strong>Cont\u00e1ctenos <\/strong><\/h2><p>Tambi\u00e9n puede localizarnos usando la siguiente informaci\u00f3n.<\/p>\t\t<\/div>\n\t<\/div>\n\t    <div class=\"contact-get\">\n                <div class=\"get-in-touch\">\n            <div class=\"detail\">\n                <span><b>Phone:<\/b> 9841002808<\/span><span><b>Email:<\/b> <a href=\"mailto:recepcion@biomedicgroup.com.mx\">&#114;e&#99;&#101;&#112;&#99;&#105;o&#110;&#64;b&#105;&#111;m&#101;&#100;i&#99;&#103;&#114;oup.&#99;om&#46;&#109;&#120;<\/a><\/span><span><b>Website:<\/b> <a href=\"https:\/\/biomedicgroup.com.mx\/en\/\" target=\"_blank\">http:\/\/www.biomedicgroup.com.mx<\/a><\/span><span><b>Address:<\/b> Calle Zapote Manzana 13 Lote 1 Puerto Aventuras (frente al parque de las llantas)<\/span>            <\/div>\n            <div class=\"social-icons\"><a href=\"https:\/\/www.facebook.com\/clinicabiomedicgroup\/\" class=\"fb\" target=\"_blank\"><i class=\"icon-euro\"><\/i><\/a><a href=\"https:\/\/www.twitter.com\/clinicabiomedicgroup\/\" class=\"tw\" target=\"_blank\"><i class=\"icon-yen\"><\/i><\/a><\/div>        <\/div>\n    <\/div>\n    <\/div><\/div><\/div><\/div><div class=\"vc_row-full-width vc_clearfix\"><\/div>","protected":false},"excerpt":{"rendered":"Biomedic GroupDonde su salud es lo primero. Nos encantar\u00eda saber de ustedEnv\u00ede el formulario con sus datos y nos pondremos en contacto con usted, tan r\u00e1pido como nos sea posible. I consent to having this website store my submitted information so they can respond to my inquiry. Cont\u00e1ctenos Tambi\u00e9n puede localizarnos usando la siguiente informaci\u00f3n. Phone: 9841002808Email: &#114;&#101;&#99;e&#112;&#99;i&#111;n&#64;b&#105;omed&#105;cg&#114;oup.com.&#109;&#120;Website: http:\/\/www.biomedicgroup.com.mxAddress: Calle Zapote Manzana 13 Lote 1 Puerto Aventuras (frente al parque de las llantas)","protected":false},"author":1,"featured_media":0,"parent":0,"menu_order":0,"comment_status":"closed","ping_status":"closed","template":"page-templates\/full-width.php","meta":{"footnotes":""},"class_list":["post-138","page","type-page","status-publish","hentry"],"_links":{"self":[{"href":"https:\/\/biomedicgroup.com.mx\/en\/wp-json\/wp\/v2\/pages\/138","targetHints":{"allow":["GET"]}}],"collection":[{"href":"https:\/\/biomedicgroup.com.mx\/en\/wp-json\/wp\/v2\/pages"}],"about":[{"href":"https:\/\/biomedicgroup.com.mx\/en\/wp-json\/wp\/v2\/types\/page"}],"author":[{"embeddable":true,"href":"https:\/\/biomedicgroup.com.mx\/en\/wp-json\/wp\/v2\/users\/1"}],"replies":[{"embeddable":true,"href":"https:\/\/biomedicgroup.com.mx\/en\/wp-json\/wp\/v2\/comments?post=138"}],"version-history":[{"count":11,"href":"https:\/\/biomedicgroup.com.mx\/en\/wp-json\/wp\/v2\/pages\/138\/revisions"}],"predecessor-version":[{"id":555,"href":"https:\/\/biomedicgroup.com.mx\/en\/wp-json\/wp\/v2\/pages\/138\/revisions\/555"}],"wp:attachment":[{"href":"https:\/\/biomedicgroup.com.mx\/en\/wp-json\/wp\/v2\/media?parent=138"}],"curies":[{"name":"wp","href":"https:\/\/api.w.org\/{rel}","templated":true}]}}